{"id":16,"date":"2011-02-23T12:56:30","date_gmt":"2011-02-23T11:56:30","guid":{"rendered":"http:\/\/www.tequinson.com\/?page_id=16"},"modified":"2011-03-04T20:24:25","modified_gmt":"2011-03-04T19:24:25","slug":"documentacion","status":"publish","type":"page","link":"https:\/\/tequinson.tdestudiodesign.com\/?page_id=16","title":{"rendered":"Documentaci\u00f3n"},"content":{"rendered":"<p><strong>Documento de Aceptaci\u00f3n de Residuos:<\/strong><br \/>\nContrato por el cual el Gestor de Residuos se compromete a hacerse cargo de su tratamiento.<br \/>\nLos contratos que extiende Adiego Hermanos tienen una duraci\u00f3n de cinco a\u00f1os.<\/p>\n<p><strong>Inscripci\u00f3n en el Registro de Peque\u00f1os Productores de Residuos T\u00f3xicos y Peligrosos:<\/strong><br \/>\nLa reglamentaci\u00f3n obliga a que el peque\u00f1o productor de residuos peligrosos est\u00e9 inscrito en su comunidad aut\u00f3noma. Para ello, le facilitamos el impreso relleno y la memoria, si es necesario en su comunidad.<\/p>\n<p><img loading=\"lazy\" class=\"alignnone size-full wp-image-77\" title=\"Le suministramos el justificante legal, documento de control y seguimiento, carta de porte y ficha de seguridad para el transporte\" src=\"http:\/\/www.tequinson.com\/wp-content\/uploads\/2011\/02\/justificantes-legales.png\" alt=\"Le suministramos el justificante legal, documento de control y seguimiento, carta de porte y ficha de seguridad para el transporte\" width=\"575\" height=\"224\" srcset=\"https:\/\/tequinson.tdestudiodesign.com\/wp-content\/uploads\/2011\/02\/justificantes-legales.png 575w, https:\/\/tequinson.tdestudiodesign.com\/wp-content\/uploads\/2011\/02\/justificantes-legales-300x116.png 300w\" sizes=\"(max-width: 575px) 100vw, 575px\" \/><\/p>\n","protected":false},"excerpt":{"rendered":"<p>Documento de Aceptaci\u00f3n de Residuos: Contrato por el cual el Gestor de Residuos se compromete a hacerse cargo de su tratamiento. Los contratos que extiende Adiego Hermanos tienen una duraci\u00f3n de cinco a\u00f1os. Inscripci\u00f3n en el Registro de Peque\u00f1os Productores &hellip; <a href=\"https:\/\/tequinson.tdestudiodesign.com\/?page_id=16\">Sigue leyendo <span class=\"meta-nav\">&rarr;<\/span><\/a><\/p>\n","protected":false},"author":2,"featured_media":0,"parent":0,"menu_order":0,"comment_status":"closed","ping_status":"closed","template":"page-soluciones.php","meta":[],"_links":{"self":[{"href":"https:\/\/tequinson.tdestudiodesign.com\/index.php?rest_route=\/wp\/v2\/pages\/16"}],"collection":[{"href":"https:\/\/tequinson.tdestudiodesign.com\/index.php?rest_route=\/wp\/v2\/pages"}],"about":[{"href":"https:\/\/tequinson.tdestudiodesign.com\/index.php?rest_route=\/wp\/v2\/types\/page"}],"author":[{"embeddable":true,"href":"https:\/\/tequinson.tdestudiodesign.com\/index.php?rest_route=\/wp\/v2\/users\/2"}],"replies":[{"embeddable":true,"href":"https:\/\/tequinson.tdestudiodesign.com\/index.php?rest_route=%2Fwp%2Fv2%2Fcomments&post=16"}],"version-history":[{"count":11,"href":"https:\/\/tequinson.tdestudiodesign.com\/index.php?rest_route=\/wp\/v2\/pages\/16\/revisions"}],"predecessor-version":[{"id":165,"href":"https:\/\/tequinson.tdestudiodesign.com\/index.php?rest_route=\/wp\/v2\/pages\/16\/revisions\/165"}],"wp:attachment":[{"href":"https:\/\/tequinson.tdestudiodesign.com\/index.php?rest_route=%2Fwp%2Fv2%2Fmedia&parent=16"}],"curies":[{"name":"wp","href":"https:\/\/api.w.org\/{rel}","templated":true}]}}