{"id":18,"date":"2011-02-23T12:57:32","date_gmt":"2011-02-23T11:57:32","guid":{"rendered":"http:\/\/www.tequinson.com\/?page_id=18"},"modified":"2011-03-01T15:20:35","modified_gmt":"2011-03-01T14:20:35","slug":"envase-de-residuo-debidamente-etiquetado","status":"publish","type":"page","link":"https:\/\/tequinson.tdestudiodesign.com\/?page_id=18","title":{"rendered":"Envase de Residuo debidamente etiquetado"},"content":{"rendered":"<p>Le facilitamos envases adecuados y etiquetados para contener refrigerantes, seg\u00fan la normativa de aparatos a presi\u00f3n.<br \/>\nServicio de extracci\u00f3n in situ con an\u00e1lisis de composici\u00f3n del gas y acidez del aceite.<\/p>\n<p>Un profesional cualificado extraer\u00e1 el refrigerante, analiz\u00e1ndolo en el mismo lugar de extracci\u00f3n para asegurarse de su estado.<\/p>\n<p>Adem\u00e1s, analizar\u00e1 la acidez del aceite, para averiguar si debe ser sustituido.<\/p>\n","protected":false},"excerpt":{"rendered":"<p>Le facilitamos envases adecuados y etiquetados para contener refrigerantes, seg\u00fan la normativa de aparatos a presi\u00f3n. Servicio de extracci\u00f3n in situ con an\u00e1lisis de composici\u00f3n del gas y acidez del aceite. Un profesional cualificado extraer\u00e1 el refrigerante, analiz\u00e1ndolo en el &hellip; <a href=\"https:\/\/tequinson.tdestudiodesign.com\/?page_id=18\">Sigue leyendo <span class=\"meta-nav\">&rarr;<\/span><\/a><\/p>\n","protected":false},"author":2,"featured_media":0,"parent":0,"menu_order":0,"comment_status":"closed","ping_status":"closed","template":"page-soluciones.php","meta":[],"_links":{"self":[{"href":"https:\/\/tequinson.tdestudiodesign.com\/index.php?rest_route=\/wp\/v2\/pages\/18"}],"collection":[{"href":"https:\/\/tequinson.tdestudiodesign.com\/index.php?rest_route=\/wp\/v2\/pages"}],"about":[{"href":"https:\/\/tequinson.tdestudiodesign.com\/index.php?rest_route=\/wp\/v2\/types\/page"}],"author":[{"embeddable":true,"href":"https:\/\/tequinson.tdestudiodesign.com\/index.php?rest_route=\/wp\/v2\/users\/2"}],"replies":[{"embeddable":true,"href":"https:\/\/tequinson.tdestudiodesign.com\/index.php?rest_route=%2Fwp%2Fv2%2Fcomments&post=18"}],"version-history":[{"count":7,"href":"https:\/\/tequinson.tdestudiodesign.com\/index.php?rest_route=\/wp\/v2\/pages\/18\/revisions"}],"predecessor-version":[{"id":56,"href":"https:\/\/tequinson.tdestudiodesign.com\/index.php?rest_route=\/wp\/v2\/pages\/18\/revisions\/56"}],"wp:attachment":[{"href":"https:\/\/tequinson.tdestudiodesign.com\/index.php?rest_route=%2Fwp%2Fv2%2Fmedia&parent=18"}],"curies":[{"name":"wp","href":"https:\/\/api.w.org\/{rel}","templated":true}]}}