{"id":22,"date":"2011-02-23T12:58:52","date_gmt":"2011-02-23T11:58:52","guid":{"rendered":"http:\/\/www.tequinson.com\/?page_id=22"},"modified":"2011-03-01T20:47:39","modified_gmt":"2011-03-01T19:47:39","slug":"limpieza-del-envase-y-devolucion-al-cliente","status":"publish","type":"page","link":"https:\/\/tequinson.tdestudiodesign.com\/?page_id=22","title":{"rendered":"Limpieza del envase y devoluci\u00f3n al cliente"},"content":{"rendered":"<p>El envase que ha contenido el residuo peligroso se considera tambi\u00e9n residuo. Ahora se abre la posibilidad de recuperar el envase para su reutilizaci\u00f3n.<\/p>\n<p><img loading=\"lazy\" class=\"alignnone size-full wp-image-85\" title=\"C\u00f3mo gestionamos sus residuos de envases\" src=\"http:\/\/www.tequinson.com\/wp-content\/uploads\/2011\/02\/esquema-gestion-residuos-envases.png\" alt=\"C\u00f3mo gestionamos sus residuos de envases\" width=\"575\" height=\"249\" srcset=\"https:\/\/tequinson.tdestudiodesign.com\/wp-content\/uploads\/2011\/02\/esquema-gestion-residuos-envases.png 575w, https:\/\/tequinson.tdestudiodesign.com\/wp-content\/uploads\/2011\/02\/esquema-gestion-residuos-envases-300x129.png 300w\" sizes=\"(max-width: 575px) 100vw, 575px\" \/><\/p>\n","protected":false},"excerpt":{"rendered":"<p>El envase que ha contenido el residuo peligroso se considera tambi\u00e9n residuo. Ahora se abre la posibilidad de recuperar el envase para su reutilizaci\u00f3n.<\/p>\n","protected":false},"author":2,"featured_media":0,"parent":0,"menu_order":0,"comment_status":"closed","ping_status":"closed","template":"page-soluciones.php","meta":[],"_links":{"self":[{"href":"https:\/\/tequinson.tdestudiodesign.com\/index.php?rest_route=\/wp\/v2\/pages\/22"}],"collection":[{"href":"https:\/\/tequinson.tdestudiodesign.com\/index.php?rest_route=\/wp\/v2\/pages"}],"about":[{"href":"https:\/\/tequinson.tdestudiodesign.com\/index.php?rest_route=\/wp\/v2\/types\/page"}],"author":[{"embeddable":true,"href":"https:\/\/tequinson.tdestudiodesign.com\/index.php?rest_route=\/wp\/v2\/users\/2"}],"replies":[{"embeddable":true,"href":"https:\/\/tequinson.tdestudiodesign.com\/index.php?rest_route=%2Fwp%2Fv2%2Fcomments&post=22"}],"version-history":[{"count":5,"href":"https:\/\/tequinson.tdestudiodesign.com\/index.php?rest_route=\/wp\/v2\/pages\/22\/revisions"}],"predecessor-version":[{"id":161,"href":"https:\/\/tequinson.tdestudiodesign.com\/index.php?rest_route=\/wp\/v2\/pages\/22\/revisions\/161"}],"wp:attachment":[{"href":"https:\/\/tequinson.tdestudiodesign.com\/index.php?rest_route=%2Fwp%2Fv2%2Fmedia&parent=22"}],"curies":[{"name":"wp","href":"https:\/\/api.w.org\/{rel}","templated":true}]}}