{"id":24,"date":"2011-02-23T12:59:27","date_gmt":"2011-02-23T11:59:27","guid":{"rendered":"http:\/\/www.tequinson.com\/?page_id=24"},"modified":"2011-03-01T16:10:47","modified_gmt":"2011-03-01T15:10:47","slug":"analisis-y-valoracion-del-refrigerante","status":"publish","type":"page","link":"https:\/\/tequinson.tdestudiodesign.com\/?page_id=24","title":{"rendered":"An\u00e1lisis y valoraci\u00f3n del refrigerante"},"content":{"rendered":"<p>Para valorar el proceso al que debe de someterse el residuo de gas de debe efectuar un an\u00e1lisis seg\u00fan la <strong>normativa ARI-700<\/strong>, Composici\u00f3n, Acidez, Cloruros, Humedad, Residuo S\u00f3lido.<\/p>\n","protected":false},"excerpt":{"rendered":"<p>Para valorar el proceso al que debe de someterse el residuo de gas de debe efectuar un an\u00e1lisis seg\u00fan la normativa ARI-700, Composici\u00f3n, Acidez, Cloruros, Humedad, Residuo S\u00f3lido.<\/p>\n","protected":false},"author":2,"featured_media":0,"parent":0,"menu_order":0,"comment_status":"closed","ping_status":"closed","template":"page-soluciones.php","meta":[],"_links":{"self":[{"href":"https:\/\/tequinson.tdestudiodesign.com\/index.php?rest_route=\/wp\/v2\/pages\/24"}],"collection":[{"href":"https:\/\/tequinson.tdestudiodesign.com\/index.php?rest_route=\/wp\/v2\/pages"}],"about":[{"href":"https:\/\/tequinson.tdestudiodesign.com\/index.php?rest_route=\/wp\/v2\/types\/page"}],"author":[{"embeddable":true,"href":"https:\/\/tequinson.tdestudiodesign.com\/index.php?rest_route=\/wp\/v2\/users\/2"}],"replies":[{"embeddable":true,"href":"https:\/\/tequinson.tdestudiodesign.com\/index.php?rest_route=%2Fwp%2Fv2%2Fcomments&post=24"}],"version-history":[{"count":5,"href":"https:\/\/tequinson.tdestudiodesign.com\/index.php?rest_route=\/wp\/v2\/pages\/24\/revisions"}],"predecessor-version":[{"id":135,"href":"https:\/\/tequinson.tdestudiodesign.com\/index.php?rest_route=\/wp\/v2\/pages\/24\/revisions\/135"}],"wp:attachment":[{"href":"https:\/\/tequinson.tdestudiodesign.com\/index.php?rest_route=%2Fwp%2Fv2%2Fmedia&parent=24"}],"curies":[{"name":"wp","href":"https:\/\/api.w.org\/{rel}","templated":true}]}}