{"id":26,"date":"2011-02-23T13:00:01","date_gmt":"2011-02-23T12:00:01","guid":{"rendered":"http:\/\/www.tequinson.com\/?page_id=26"},"modified":"2011-03-01T16:11:37","modified_gmt":"2011-03-01T15:11:37","slug":"destruccion-del-refrigerante","status":"publish","type":"page","link":"https:\/\/tequinson.tdestudiodesign.com\/?page_id=26","title":{"rendered":"Destrucci\u00f3n del refrigerante"},"content":{"rendered":"<p>En caso de que el producto no pueda ser recuperado para su utilizaci\u00f3n, se proceder\u00e1 a su destrucci\u00f3n a 1.300\u00baC.<\/p>\n<p>Se efect\u00faa en centros homologados de destrucci\u00f3n en Francia o Alemania.<\/p>\n","protected":false},"excerpt":{"rendered":"<p>En caso de que el producto no pueda ser recuperado para su utilizaci\u00f3n, se proceder\u00e1 a su destrucci\u00f3n a 1.300\u00baC. Se efect\u00faa en centros homologados de destrucci\u00f3n en Francia o Alemania.<\/p>\n","protected":false},"author":2,"featured_media":0,"parent":0,"menu_order":0,"comment_status":"closed","ping_status":"closed","template":"page-soluciones.php","meta":[],"_links":{"self":[{"href":"https:\/\/tequinson.tdestudiodesign.com\/index.php?rest_route=\/wp\/v2\/pages\/26"}],"collection":[{"href":"https:\/\/tequinson.tdestudiodesign.com\/index.php?rest_route=\/wp\/v2\/pages"}],"about":[{"href":"https:\/\/tequinson.tdestudiodesign.com\/index.php?rest_route=\/wp\/v2\/types\/page"}],"author":[{"embeddable":true,"href":"https:\/\/tequinson.tdestudiodesign.com\/index.php?rest_route=\/wp\/v2\/users\/2"}],"replies":[{"embeddable":true,"href":"https:\/\/tequinson.tdestudiodesign.com\/index.php?rest_route=%2Fwp%2Fv2%2Fcomments&post=26"}],"version-history":[{"count":5,"href":"https:\/\/tequinson.tdestudiodesign.com\/index.php?rest_route=\/wp\/v2\/pages\/26\/revisions"}],"predecessor-version":[{"id":136,"href":"https:\/\/tequinson.tdestudiodesign.com\/index.php?rest_route=\/wp\/v2\/pages\/26\/revisions\/136"}],"wp:attachment":[{"href":"https:\/\/tequinson.tdestudiodesign.com\/index.php?rest_route=%2Fwp%2Fv2%2Fmedia&parent=26"}],"curies":[{"name":"wp","href":"https:\/\/api.w.org\/{rel}","templated":true}]}}