{"id":28,"date":"2011-02-23T13:00:39","date_gmt":"2011-02-23T12:00:39","guid":{"rendered":"http:\/\/www.tequinson.com\/?page_id=28"},"modified":"2011-03-01T17:10:27","modified_gmt":"2011-03-01T16:10:27","slug":"servicio-de-regeneracion","status":"publish","type":"page","link":"https:\/\/tequinson.tdestudiodesign.com\/?page_id=28","title":{"rendered":"Servicio de regeneraci\u00f3n"},"content":{"rendered":"<p>Consiste en la recogida de su residuo y su devoluci\u00f3n posterior con caracter\u00edsticas hom\u00f3logas al producto virgen, y con certificaci\u00f3n de calidad expedida por el laboratorio de Adiego Hermanos.<\/p>\n<p><a href=\"http:\/\/www.tequinson.com\/wp-content\/uploads\/2011\/02\/esquema-gestion-residuos-gas.png\"><img loading=\"lazy\" class=\"alignnone size-full wp-image-82\" title=\"C\u00f3mo gestionamos sus residuos de gas\" src=\"http:\/\/www.tequinson.com\/wp-content\/uploads\/2011\/02\/esquema-gestion-residuos-gas.png\" alt=\"C\u00f3mo gestionamos sus residuos de gas\" width=\"575\" height=\"388\" srcset=\"https:\/\/tequinson.tdestudiodesign.com\/wp-content\/uploads\/2011\/02\/esquema-gestion-residuos-gas.png 575w, https:\/\/tequinson.tdestudiodesign.com\/wp-content\/uploads\/2011\/02\/esquema-gestion-residuos-gas-300x202.png 300w\" sizes=\"(max-width: 575px) 100vw, 575px\" \/><\/a><\/p>\n","protected":false},"excerpt":{"rendered":"<p>Consiste en la recogida de su residuo y su devoluci\u00f3n posterior con caracter\u00edsticas hom\u00f3logas al producto virgen, y con certificaci\u00f3n de calidad expedida por el laboratorio de Adiego Hermanos.<\/p>\n","protected":false},"author":2,"featured_media":0,"parent":0,"menu_order":0,"comment_status":"closed","ping_status":"closed","template":"page-soluciones.php","meta":[],"_links":{"self":[{"href":"https:\/\/tequinson.tdestudiodesign.com\/index.php?rest_route=\/wp\/v2\/pages\/28"}],"collection":[{"href":"https:\/\/tequinson.tdestudiodesign.com\/index.php?rest_route=\/wp\/v2\/pages"}],"about":[{"href":"https:\/\/tequinson.tdestudiodesign.com\/index.php?rest_route=\/wp\/v2\/types\/page"}],"author":[{"embeddable":true,"href":"https:\/\/tequinson.tdestudiodesign.com\/index.php?rest_route=\/wp\/v2\/users\/2"}],"replies":[{"embeddable":true,"href":"https:\/\/tequinson.tdestudiodesign.com\/index.php?rest_route=%2Fwp%2Fv2%2Fcomments&post=28"}],"version-history":[{"count":4,"href":"https:\/\/tequinson.tdestudiodesign.com\/index.php?rest_route=\/wp\/v2\/pages\/28\/revisions"}],"predecessor-version":[{"id":147,"href":"https:\/\/tequinson.tdestudiodesign.com\/index.php?rest_route=\/wp\/v2\/pages\/28\/revisions\/147"}],"wp:attachment":[{"href":"https:\/\/tequinson.tdestudiodesign.com\/index.php?rest_route=%2Fwp%2Fv2%2Fmedia&parent=28"}],"curies":[{"name":"wp","href":"https:\/\/api.w.org\/{rel}","templated":true}]}}