{"id":30,"date":"2011-02-23T13:01:17","date_gmt":"2011-02-23T12:01:17","guid":{"rendered":"http:\/\/www.tequinson.com\/?page_id=30"},"modified":"2011-03-01T14:15:36","modified_gmt":"2011-03-01T13:15:36","slug":"transporte-devolucion-producto-regenerado","status":"publish","type":"page","link":"https:\/\/tequinson.tdestudiodesign.com\/?page_id=30","title":{"rendered":"Transporte devoluci\u00f3n producto regenerado"},"content":{"rendered":"<p>Se devolver\u00e1 envasado y etiquetado correctamente, especificando que es un producto regenerado, su n\u00famero de lote, los datos del servicio de regeneraci\u00f3n y, si es necesario, por un transportista ADR.<\/p>\n","protected":false},"excerpt":{"rendered":"<p>Se devolver\u00e1 envasado y etiquetado correctamente, especificando que es un producto regenerado, su n\u00famero de lote, los datos del servicio de regeneraci\u00f3n y, si es necesario, por un transportista ADR.<\/p>\n","protected":false},"author":2,"featured_media":0,"parent":0,"menu_order":0,"comment_status":"closed","ping_status":"closed","template":"page-soluciones.php","meta":[],"_links":{"self":[{"href":"https:\/\/tequinson.tdestudiodesign.com\/index.php?rest_route=\/wp\/v2\/pages\/30"}],"collection":[{"href":"https:\/\/tequinson.tdestudiodesign.com\/index.php?rest_route=\/wp\/v2\/pages"}],"about":[{"href":"https:\/\/tequinson.tdestudiodesign.com\/index.php?rest_route=\/wp\/v2\/types\/page"}],"author":[{"embeddable":true,"href":"https:\/\/tequinson.tdestudiodesign.com\/index.php?rest_route=\/wp\/v2\/users\/2"}],"replies":[{"embeddable":true,"href":"https:\/\/tequinson.tdestudiodesign.com\/index.php?rest_route=%2Fwp%2Fv2%2Fcomments&post=30"}],"version-history":[{"count":4,"href":"https:\/\/tequinson.tdestudiodesign.com\/index.php?rest_route=\/wp\/v2\/pages\/30\/revisions"}],"predecessor-version":[{"id":119,"href":"https:\/\/tequinson.tdestudiodesign.com\/index.php?rest_route=\/wp\/v2\/pages\/30\/revisions\/119"}],"wp:attachment":[{"href":"https:\/\/tequinson.tdestudiodesign.com\/index.php?rest_route=%2Fwp%2Fv2%2Fmedia&parent=30"}],"curies":[{"name":"wp","href":"https:\/\/api.w.org\/{rel}","templated":true}]}}